{"id":56696,"date":"2022-08-22T15:10:30","date_gmt":"2022-08-22T12:10:30","guid":{"rendered":"https:\/\/www.casa.com.tr\/ottenere-lofferta-2\/"},"modified":"2024-10-17T13:26:18","modified_gmt":"2024-10-17T10:26:18","slug":"ottenere-lofferta-2","status":"publish","type":"page","link":"https:\/\/www.casa.com.tr\/it\/ottenere-lofferta-2\/","title":{"rendered":"Ottenere l&#8217;offerta"},"content":{"rendered":"\t\t<div data-elementor-type=\"wp-page\" data-elementor-id=\"56696\" class=\"elementor elementor-56696 elementor-25423\" data-elementor-post-type=\"page\">\n\t\t\t\t\t\t<section class=\"theplus-event-tracker elementor-section elementor-top-section elementor-element elementor-element-c803e74 elementor-section-full_width elementor-section-height-min-height elementor-section-height-default elementor-section-items-middle\" data-theplus-event-tracker=\"{&quot;google&quot;:&quot;no&quot;,&quot;gCsmEventName&quot;:&quot;&quot;,&quot;eventProperties&quot;:[{&quot;eventName&quot;:&quot;&quot;,&quot;eventValue&quot;:&quot;&quot;,&quot;_id&quot;:&quot;&quot;}],&quot;gglEventType&quot;:&quot;recommended&quot;,&quot;gglSelEvent&quot;:&quot;ad_impression&quot;,&quot;google_analytics_id&quot;:&quot;&quot;}\" data-id=\"c803e74\" data-element_type=\"section\" data-settings=\"{&quot;background_background&quot;:&quot;classic&quot;}\">\n\t\t\t\t\t\t<div class=\"elementor-container elementor-column-gap-no\">\n\t\t\t\t\t<div class=\"elementor-column elementor-col-100 elementor-top-column elementor-element elementor-element-107c87ed\" data-id=\"107c87ed\" data-element_type=\"column\">\n\t\t\t<div class=\"elementor-widget-wrap elementor-element-populated\">\n\t\t\t\t\t\t<section class=\"theplus-event-tracker elementor-section elementor-inner-section elementor-element elementor-element-63566da3 elementor-section-boxed elementor-section-height-default elementor-section-height-default\" data-theplus-event-tracker=\"{&quot;google&quot;:&quot;no&quot;,&quot;gCsmEventName&quot;:&quot;&quot;,&quot;eventProperties&quot;:[{&quot;eventName&quot;:&quot;&quot;,&quot;eventValue&quot;:&quot;&quot;,&quot;_id&quot;:&quot;&quot;}],&quot;gglEventType&quot;:&quot;recommended&quot;,&quot;gglSelEvent&quot;:&quot;ad_impression&quot;,&quot;google_analytics_id&quot;:&quot;&quot;}\" data-id=\"63566da3\" data-element_type=\"section\">\n\t\t\t\t\t\t<div class=\"elementor-container elementor-column-gap-default\">\n\t\t\t\t\t<div class=\"elementor-column elementor-col-50 elementor-inner-column elementor-element elementor-element-3579984c\" data-id=\"3579984c\" data-element_type=\"column\">\n\t\t\t<div class=\"elementor-widget-wrap elementor-element-populated\">\n\t\t\t\t\t\t<div class=\"theplus-event-tracker elementor-element elementor-element-8958503 elementor-widget elementor-widget-heading\" data-theplus-event-tracker=\"{&quot;google&quot;:&quot;no&quot;,&quot;gCsmEventName&quot;:&quot;&quot;,&quot;eventProperties&quot;:[{&quot;eventName&quot;:&quot;&quot;,&quot;eventValue&quot;:&quot;&quot;,&quot;_id&quot;:&quot;&quot;}],&quot;gglEventType&quot;:&quot;recommended&quot;,&quot;gglSelEvent&quot;:&quot;ad_impression&quot;,&quot;google_analytics_id&quot;:&quot;&quot;}\" data-id=\"8958503\" data-element_type=\"widget\" data-widget_type=\"heading.default\">\n\t\t\t\t<div class=\"elementor-widget-container\">\n\t\t\t\t\t<h2 class=\"elementor-heading-title elementor-size-default\">Ottenere l'offerta<\/h2>\t\t\t\t<\/div>\n\t\t\t\t<\/div>\n\t\t\t\t\t<\/div>\n\t\t<\/div>\n\t\t\t\t<div class=\"elementor-column elementor-col-50 elementor-inner-column elementor-element elementor-element-69e03e06\" data-id=\"69e03e06\" data-element_type=\"column\">\n\t\t\t<div class=\"elementor-widget-wrap\">\n\t\t\t\t\t\t\t<\/div>\n\t\t<\/div>\n\t\t\t\t\t<\/div>\n\t\t<\/section>\n\t\t\t\t\t<\/div>\n\t\t<\/div>\n\t\t\t\t\t<\/div>\n\t\t<\/section>\n\t\t\t\t<section class=\"theplus-event-tracker elementor-section elementor-top-section elementor-element elementor-element-29050c5 elementor-section-height-min-height elementor-section-content-middle elementor-section-boxed elementor-section-height-default elementor-section-items-middle\" data-theplus-event-tracker=\"{&quot;google&quot;:&quot;no&quot;,&quot;gCsmEventName&quot;:&quot;&quot;,&quot;eventProperties&quot;:[{&quot;eventName&quot;:&quot;&quot;,&quot;eventValue&quot;:&quot;&quot;,&quot;_id&quot;:&quot;&quot;}],&quot;gglEventType&quot;:&quot;recommended&quot;,&quot;gglSelEvent&quot;:&quot;ad_impression&quot;,&quot;google_analytics_id&quot;:&quot;&quot;}\" data-id=\"29050c5\" data-element_type=\"section\">\n\t\t\t\t\t\t<div class=\"elementor-container elementor-column-gap-default\">\n\t\t\t\t\t<div class=\"elementor-column elementor-col-33 elementor-top-column elementor-element elementor-element-775af9e\" data-id=\"775af9e\" data-element_type=\"column\">\n\t\t\t<div class=\"elementor-widget-wrap elementor-element-populated\">\n\t\t\t\t\t\t<div class=\"theplus-event-tracker elementor-element elementor-element-e95760a elementor-widget elementor-widget-heading\" data-theplus-event-tracker=\"{&quot;google&quot;:&quot;no&quot;,&quot;gCsmEventName&quot;:&quot;&quot;,&quot;eventProperties&quot;:[{&quot;eventName&quot;:&quot;&quot;,&quot;eventValue&quot;:&quot;&quot;,&quot;_id&quot;:&quot;&quot;}],&quot;gglEventType&quot;:&quot;recommended&quot;,&quot;gglSelEvent&quot;:&quot;ad_impression&quot;,&quot;google_analytics_id&quot;:&quot;&quot;}\" data-id=\"e95760a\" data-element_type=\"widget\" data-widget_type=\"heading.default\">\n\t\t\t\t<div class=\"elementor-widget-container\">\n\t\t\t\t\t<h2 class=\"elementor-heading-title elementor-size-default\">Prepariamo la vostra offerta<\/h2>\t\t\t\t<\/div>\n\t\t\t\t<\/div>\n\t\t\t\t<div class=\"theplus-event-tracker elementor-element elementor-element-73d991d elementor-widget elementor-widget-heading\" data-theplus-event-tracker=\"{&quot;google&quot;:&quot;no&quot;,&quot;gCsmEventName&quot;:&quot;&quot;,&quot;eventProperties&quot;:[{&quot;eventName&quot;:&quot;&quot;,&quot;eventValue&quot;:&quot;&quot;,&quot;_id&quot;:&quot;&quot;}],&quot;gglEventType&quot;:&quot;recommended&quot;,&quot;gglSelEvent&quot;:&quot;ad_impression&quot;,&quot;google_analytics_id&quot;:&quot;&quot;}\" data-id=\"73d991d\" data-element_type=\"widget\" data-widget_type=\"heading.default\">\n\t\t\t\t<div class=\"elementor-widget-container\">\n\t\t\t\t\t<h2 class=\"elementor-heading-title elementor-size-default\">Compilate il modulo per creare la vostra offerta.<\/h2>\t\t\t\t<\/div>\n\t\t\t\t<\/div>\n\t\t\t\t\t<\/div>\n\t\t<\/div>\n\t\t\t\t<div class=\"elementor-column elementor-col-33 elementor-top-column elementor-element elementor-element-1880a30 elementor-hidden-mobile\" data-id=\"1880a30\" data-element_type=\"column\">\n\t\t\t<div class=\"elementor-widget-wrap elementor-element-populated\">\n\t\t\t\t\t\t<section class=\"theplus-event-tracker elementor-section elementor-inner-section elementor-element elementor-element-02ee96d elementor-section-boxed elementor-section-height-default elementor-section-height-default\" data-theplus-event-tracker=\"{&quot;google&quot;:&quot;no&quot;,&quot;gCsmEventName&quot;:&quot;&quot;,&quot;eventProperties&quot;:[{&quot;eventName&quot;:&quot;&quot;,&quot;eventValue&quot;:&quot;&quot;,&quot;_id&quot;:&quot;&quot;}],&quot;gglEventType&quot;:&quot;recommended&quot;,&quot;gglSelEvent&quot;:&quot;ad_impression&quot;,&quot;google_analytics_id&quot;:&quot;&quot;}\" data-id=\"02ee96d\" data-element_type=\"section\">\n\t\t\t\t\t\t<div class=\"elementor-container elementor-column-gap-default\">\n\t\t\t\t\t<div class=\"elementor-column elementor-col-100 elementor-inner-column elementor-element elementor-element-5a97dc8\" data-id=\"5a97dc8\" data-element_type=\"column\">\n\t\t\t<div class=\"elementor-widget-wrap elementor-element-populated\">\n\t\t\t\t\t\t<div class=\"theplus-event-tracker elementor-element elementor-element-5ec8f60 elementor-widget elementor-widget-spacer\" data-theplus-event-tracker=\"{&quot;google&quot;:&quot;no&quot;,&quot;gCsmEventName&quot;:&quot;&quot;,&quot;eventProperties&quot;:[{&quot;eventName&quot;:&quot;&quot;,&quot;eventValue&quot;:&quot;&quot;,&quot;_id&quot;:&quot;&quot;}],&quot;gglEventType&quot;:&quot;recommended&quot;,&quot;gglSelEvent&quot;:&quot;ad_impression&quot;,&quot;google_analytics_id&quot;:&quot;&quot;}\" data-id=\"5ec8f60\" data-element_type=\"widget\" data-widget_type=\"spacer.default\">\n\t\t\t\t<div class=\"elementor-widget-container\">\n\t\t\t\t\t\t\t<div class=\"elementor-spacer\">\n\t\t\t<div class=\"elementor-spacer-inner\"><\/div>\n\t\t<\/div>\n\t\t\t\t\t\t<\/div>\n\t\t\t\t<\/div>\n\t\t\t\t\t<\/div>\n\t\t<\/div>\n\t\t\t\t\t<\/div>\n\t\t<\/section>\n\t\t\t\t\t<\/div>\n\t\t<\/div>\n\t\t\t\t<div class=\"elementor-column elementor-col-33 elementor-top-column elementor-element elementor-element-a264af4\" data-id=\"a264af4\" data-element_type=\"column\">\n\t\t\t<div class=\"elementor-widget-wrap elementor-element-populated\">\n\t\t\t\t\t\t<div class=\"elementor-element elementor-element-2e24cb9 elementor-widget elementor-widget-spacer\" data-id=\"2e24cb9\" data-element_type=\"widget\" data-widget_type=\"spacer.default\">\n\t\t\t\t<div class=\"elementor-widget-container\">\n\t\t\t\t\t\t\t<div class=\"elementor-spacer\">\n\t\t\t<div class=\"elementor-spacer-inner\"><\/div>\n\t\t<\/div>\n\t\t\t\t\t\t<\/div>\n\t\t\t\t<\/div>\n\t\t\t\t<div class=\"elementor-element elementor-element-d0dab28 elementor-widget elementor-widget-text-editor\" data-id=\"d0dab28\" data-element_type=\"widget\" data-widget_type=\"text-editor.default\">\n\t\t\t\t<div class=\"elementor-widget-container\">\n\t\t\t\t\t\t\t\t\t<div id=\"quform-2894a3\" class=\"quform quform-1 quform-theme-simple quform-support-page-caching\"><form id=\"quform-form-2894a3\" class=\"quform-form quform-form-1\" action=\"\/it\/wp-json\/wp\/v2\/pages\/56696#quform-2894a3\" method=\"post\" enctype=\"multipart\/form-data\" novalidate=\"novalidate\" data-options=\"{&quot;id&quot;:1,&quot;uniqueId&quot;:&quot;2894a3&quot;,&quot;theme&quot;:&quot;simple&quot;,&quot;ajax&quot;:true,&quot;logic&quot;:{&quot;logic&quot;:[],&quot;dependents&quot;:[],&quot;elementIds&quot;:[],&quot;dependentElementIds&quot;:[],&quot;animate&quot;:true},&quot;currentPageId&quot;:1,&quot;errorsIcon&quot;:&quot;&quot;,&quot;updateFancybox&quot;:true,&quot;hasPages&quot;:false,&quot;pages&quot;:[1],&quot;pageProgressType&quot;:&quot;numbers&quot;,&quot;tooltipsEnabled&quot;:true,&quot;tooltipClasses&quot;:&quot;qtip-quform-dark qtip-shadow&quot;,&quot;tooltipMy&quot;:&quot;left center&quot;,&quot;tooltipAt&quot;:&quot;right center&quot;,&quot;isRtl&quot;:false,&quot;scrollOffset&quot;:-50,&quot;scrollSpeed&quot;:800}\"><button class=\"quform-default-submit\" name=\"quform_submit\" type=\"submit\" value=\"submit\" aria-hidden=\"true\" tabindex=\"-1\"><\/button><div class=\"quform-form-inner quform-form-inner-1\"><input type=\"hidden\" name=\"quform_form_id\" value=\"1\" \/><input type=\"hidden\" name=\"quform_form_uid\" value=\"2894a3\" \/><input type=\"hidden\" name=\"quform_count\" value=\"1\" \/><input type=\"hidden\" name=\"form_url\" value=\"https:\/\/www.casa.com.tr\/it\/wp-json\/wp\/v2\/pages\/56696\" \/><input type=\"hidden\" name=\"referring_url\" value=\"\" \/><input type=\"hidden\" name=\"post_id\" value=\"\" \/><input type=\"hidden\" name=\"post_title\" value=\"\" \/><input type=\"hidden\" name=\"quform_current_page_id\" value=\"1\" \/><input type=\"hidden\" name=\"quform_csrf_token\" value=\"J8QrOKefQXc0Zt7m7oXUMnGXaGNEUYZnuw9GnjLd\" \/><div class=\"quform-elements quform-elements-1 quform-cf quform-responsive-elements-phone-landscape\"><div class=\"quform-element quform-element-page quform-page-1 quform-page-1_1 quform-cf quform-group-style-plain quform-first-page quform-last-page quform-current-page\"><div class=\"quform-child-elements\"><div class=\"quform-element quform-element-text quform-element-1_3 quform-cf quform-labels-inside quform-element-required\"><div class=\"quform-spacer\"><div class=\"quform-label quform-label-1_3\"><label class=\"quform-label-text\" for=\"quform_1_3_2894a3\">Ad\u0131n\u0131z ve Soyad\u0131n\u0131z<span class=\"quform-required\">*<\/span><\/label><\/div><div class=\"quform-inner quform-inner-text quform-inner-1_3\"><div class=\"quform-input quform-input-text quform-input-1_3 quform-cf\"><input type=\"text\" id=\"quform_1_3_2894a3\" name=\"quform_1_3\" class=\"quform-field quform-field-text quform-field-1_3\" \/><\/div><\/div><\/div><\/div><div class=\"quform-element quform-element-email quform-element-1_4 quform-cf quform-labels-inside quform-element-required\"><div class=\"quform-spacer\"><div class=\"quform-label quform-label-1_4\"><label class=\"quform-label-text\" for=\"quform_1_4_2894a3\">E-Mail<span class=\"quform-required\">*<\/span><\/label><\/div><div class=\"quform-inner quform-inner-email quform-inner-1_4\"><div class=\"quform-input quform-input-email quform-input-1_4 quform-cf\"><input type=\"email\" id=\"quform_1_4_2894a3\" name=\"quform_1_4\" class=\"quform-field quform-field-email quform-field-1_4\" \/><\/div><\/div><\/div><\/div><div class=\"quform-element quform-element-text quform-element-1_5 quform-cf quform-labels-inside quform-element-optional\"><div class=\"quform-spacer\"><div class=\"quform-label quform-label-1_5\"><label class=\"quform-label-text\" for=\"quform_1_5_2894a3\">Cep Telefonu<\/label><\/div><div class=\"quform-inner quform-inner-text quform-inner-1_5\"><div class=\"quform-input quform-input-text quform-input-1_5 quform-cf\"><input type=\"text\" id=\"quform_1_5_2894a3\" name=\"quform_1_5\" class=\"quform-field quform-field-text quform-field-1_5\" \/><\/div><\/div><\/div><\/div><div class=\"quform-element quform-element-select quform-element-1_6 quform-cf quform-element-required\"><div class=\"quform-spacer\"><div class=\"quform-label quform-label-1_6\"><label class=\"quform-label-text\" for=\"quform_1_6_2894a3\">Ma\u011faza Se\u00e7iniz<span class=\"quform-required\">*<\/span><\/label><\/div><div class=\"quform-inner quform-inner-select quform-inner-1_6\"><div class=\"quform-input quform-input-select quform-input-1_6 quform-cf\"><select id=\"quform_1_6_2894a3\" name=\"quform_1_6\" class=\"quform-field quform-field-select quform-field-1_6\"><option value=\"\" selected=\"selected\">Ma\u011faza Se\u00e7iniz<\/option><option value=\"Ankara\">Ankara<\/option><option value=\"Antalya\">Antalya<\/option><option value=\"Bodrum\">Bodrum<\/option><option value=\"Denizli\">Denizli<\/option><option value=\"Gaziantep\">Gaziantep<\/option><option value=\"\u0130stanbul Masko\">\u0130stanbul Masko<\/option><option value=\"\u0130stanbul Modoko\">\u0130stanbul Modoko<\/option><option value=\"\u0130stanbul Skyland\">\u0130stanbul Skyland<\/option><option value=\"\u0130stanbul Yedimavi\">\u0130stanbul Yedimavi<\/option><option value=\"\u0130zmir Karaba\u011flar\">\u0130zmir Karaba\u011flar<\/option><option value=\"\u0130zmir Mavi\u015fehir\">\u0130zmir Mavi\u015fehir<\/option><option value=\"Konya\">Konya<\/option><\/select><\/div><\/div><\/div><\/div><div class=\"quform-element quform-element-textarea quform-element-1_7 quform-cf quform-labels-inside quform-element-required\"><div class=\"quform-spacer\"><div class=\"quform-label quform-label-1_7\"><label class=\"quform-label-text\" for=\"quform_1_7_2894a3\">Notlar\u0131n\u0131z<span class=\"quform-required\">*<\/span><\/label><\/div><div class=\"quform-inner quform-inner-textarea quform-inner-1_7\"><div class=\"quform-input quform-input-textarea quform-input-1_7 quform-cf\"><textarea id=\"quform_1_7_2894a3\" name=\"quform_1_7\" class=\"quform-field quform-field-textarea quform-field-1_7\"><\/textarea><\/div><\/div><\/div><\/div><input type=\"hidden\" name=\"quform_1_19\" class=\"quform-field quform-field-hidden quform-field-1_19\" data-default=\"\" \/><input type=\"hidden\" name=\"quform_1_20\" class=\"quform-field quform-field-hidden quform-field-1_20\" data-default=\"\" \/><input type=\"hidden\" name=\"quform_1_10\" class=\"quform-field quform-field-hidden quform-field-1_10\" data-default=\"https:\/\/www.casa.com.tr\/it\/wp-json\/wp\/v2\/pages\/56696\" value=\"https:\/\/www.casa.com.tr\/it\/wp-json\/wp\/v2\/pages\/56696\" \/><input type=\"hidden\" name=\"quform_1_14\" class=\"quform-field quform-field-hidden quform-field-1_14\" data-default=\"16.04.2026 12:07\" value=\"16.04.2026 12:07\" \/><input type=\"hidden\" name=\"quform_1_12\" class=\"quform-field quform-field-hidden quform-field-1_12\" data-default=\"216.73.216.139\" value=\"216.73.216.139\" \/><input type=\"hidden\" name=\"quform_1_13\" class=\"quform-field quform-field-hidden quform-field-1_13\" data-default=\"Mozilla\/5.0 AppleWebKit\/537.36 (KHTML, like Gecko; compatible; ClaudeBot\/1.0; +claudebot@anthropic.com)\" value=\"Mozilla\/5.0 AppleWebKit\/537.36 (KHTML, like Gecko; compatible; ClaudeBot\/1.0; +claudebot@anthropic.com)\" \/><div class=\"quform-element quform-element-submit quform-element-1_2 quform-cf quform-button-style-theme\"><div class=\"quform-button-submit quform-button-submit-default quform-button-submit-1_2\"><button name=\"quform_submit\" type=\"submit\" class=\"quform-submit\" value=\"submit\"><span class=\"quform-button-text quform-button-submit-text\">Invia<\/span><\/button><\/div><div class=\"quform-loading quform-loading-position-left quform-loading-type-spinner-1\"><div class=\"quform-loading-inner\"><div class=\"quform-loading-spinner\"><div class=\"quform-loading-spinner-inner\"><\/div><\/div><\/div><\/div><\/div><div class=\"quform-element-tree\"><label for=\"quform_1_0_2894a3\">Questo campo deve essere lasciato vuoto<\/label><input type=\"text\" id=\"quform_1_0_2894a3\" name=\"quform_1_0\" class=\"quform-field quform-field-tree quform-field-1_0\" tabindex=\"-1\" autocomplete=\"off\" \/><\/div><\/div><\/div><\/div><\/div><\/form><\/div>\n\t\t\t\t\t\t\t\t<\/div>\n\t\t\t\t<\/div>\n\t\t\t\t\t<\/div>\n\t\t<\/div>\n\t\t\t\t\t<\/div>\n\t\t<\/section>\n\t\t\t\t<\/div>\n\t\t","protected":false},"excerpt":{"rendered":"<p>Ottenere l&#8217;offerta Prepariamo la vostra offerta Compilate il modulo per creare la vostra offerta.<\/p>\n","protected":false},"author":3,"featured_media":0,"parent":0,"menu_order":0,"comment_status":"closed","ping_status":"closed","template":"","meta":{"inline_featured_image":false,"footnotes":""},"class_list":["post-56696","page","type-page","status-publish","hentry"],"yoast_head":"<!-- This site is optimized with the Yoast SEO Premium plugin v21.2 (Yoast SEO v25.9) - https:\/\/yoast.com\/wordpress\/plugins\/seo\/ -->\n<title>Ottenere l&#039;offerta - Casa<\/title>\n<meta name=\"robots\" content=\"index, follow, max-snippet:-1, max-image-preview:large, max-video-preview:-1\" \/>\n<link rel=\"canonical\" href=\"https:\/\/www.casa.com.tr\/it\/ottenere-lofferta-2\/\" \/>\n<meta property=\"og:locale\" content=\"it_IT\" \/>\n<meta property=\"og:type\" content=\"article\" \/>\n<meta property=\"og:title\" content=\"Ottenere l&#039;offerta\" \/>\n<meta property=\"og:description\" content=\"Ottenere l&#8217;offerta Prepariamo la vostra offerta Compilate il modulo per creare la vostra offerta.\" \/>\n<meta property=\"og:url\" content=\"https:\/\/www.casa.com.tr\/it\/ottenere-lofferta-2\/\" \/>\n<meta property=\"og:site_name\" content=\"Casa\" \/>\n<meta property=\"article:modified_time\" content=\"2024-10-17T10:26:18+00:00\" \/>\n<meta name=\"twitter:card\" content=\"summary_large_image\" \/>\n<script type=\"application\/ld+json\" class=\"yoast-schema-graph\">{\"@context\":\"https:\/\/schema.org\",\"@graph\":[{\"@type\":\"WebPage\",\"@id\":\"https:\/\/www.casa.com.tr\/it\/ottenere-lofferta-2\/\",\"url\":\"https:\/\/www.casa.com.tr\/it\/ottenere-lofferta-2\/\",\"name\":\"Ottenere l'offerta - Casa\",\"isPartOf\":{\"@id\":\"https:\/\/www.casa.com.tr\/it\/#website\"},\"datePublished\":\"2022-08-22T12:10:30+00:00\",\"dateModified\":\"2024-10-17T10:26:18+00:00\",\"breadcrumb\":{\"@id\":\"https:\/\/www.casa.com.tr\/it\/ottenere-lofferta-2\/#breadcrumb\"},\"inLanguage\":\"it-IT\",\"potentialAction\":[{\"@type\":\"ReadAction\",\"target\":[\"https:\/\/www.casa.com.tr\/it\/ottenere-lofferta-2\/\"]}]},{\"@type\":\"BreadcrumbList\",\"@id\":\"https:\/\/www.casa.com.tr\/it\/ottenere-lofferta-2\/#breadcrumb\",\"itemListElement\":[{\"@type\":\"ListItem\",\"position\":1,\"name\":\"Anasayfa\",\"item\":\"https:\/\/www.casa.com.tr\/it\/\"},{\"@type\":\"ListItem\",\"position\":2,\"name\":\"Ottenere l&#8217;offerta\"}]},{\"@type\":\"WebSite\",\"@id\":\"https:\/\/www.casa.com.tr\/it\/#website\",\"url\":\"https:\/\/www.casa.com.tr\/it\/\",\"name\":\"Casa\",\"description\":\"Life Style\",\"publisher\":{\"@id\":\"https:\/\/www.casa.com.tr\/it\/#organization\"},\"potentialAction\":[{\"@type\":\"SearchAction\",\"target\":{\"@type\":\"EntryPoint\",\"urlTemplate\":\"https:\/\/www.casa.com.tr\/it\/?s={search_term_string}\"},\"query-input\":{\"@type\":\"PropertyValueSpecification\",\"valueRequired\":true,\"valueName\":\"search_term_string\"}}],\"inLanguage\":\"it-IT\"},{\"@type\":[\"Organization\",\"Place\"],\"@id\":\"https:\/\/www.casa.com.tr\/it\/#organization\",\"name\":\"Casa\",\"alternateName\":\"Life Style\",\"url\":\"https:\/\/www.casa.com.tr\/it\/\",\"logo\":{\"@id\":\"https:\/\/www.casa.com.tr\/it\/ottenere-lofferta-2\/#local-main-organization-logo\"},\"image\":{\"@id\":\"https:\/\/www.casa.com.tr\/it\/ottenere-lofferta-2\/#local-main-organization-logo\"},\"openingHoursSpecification\":[{\"@type\":\"OpeningHoursSpecification\",\"dayOfWeek\":[\"Monday\",\"Tuesday\",\"Wednesday\",\"Thursday\",\"Friday\",\"Saturday\",\"Sunday\"],\"opens\":\"09:00\",\"closes\":\"17:00\"}]},{\"@type\":\"ImageObject\",\"inLanguage\":\"it-IT\",\"@id\":\"https:\/\/www.casa.com.tr\/it\/ottenere-lofferta-2\/#local-main-organization-logo\",\"url\":\"https:\/\/www.casa.com.tr\/wp-content\/uploads\/2023\/09\/casa.jpg\",\"contentUrl\":\"https:\/\/www.casa.com.tr\/wp-content\/uploads\/2023\/09\/casa.jpg\",\"width\":700,\"height\":700,\"caption\":\"Casa\"}]}<\/script>\n<!-- \/ Yoast SEO Premium plugin. -->","yoast_head_json":{"title":"Ottenere l'offerta - Casa","robots":{"index":"index","follow":"follow","max-snippet":"max-snippet:-1","max-image-preview":"max-image-preview:large","max-video-preview":"max-video-preview:-1"},"canonical":"https:\/\/www.casa.com.tr\/it\/ottenere-lofferta-2\/","og_locale":"it_IT","og_type":"article","og_title":"Ottenere l'offerta","og_description":"Ottenere l&#8217;offerta Prepariamo la vostra offerta Compilate il modulo per creare la vostra offerta.","og_url":"https:\/\/www.casa.com.tr\/it\/ottenere-lofferta-2\/","og_site_name":"Casa","article_modified_time":"2024-10-17T10:26:18+00:00","twitter_card":"summary_large_image","schema":{"@context":"https:\/\/schema.org","@graph":[{"@type":"WebPage","@id":"https:\/\/www.casa.com.tr\/it\/ottenere-lofferta-2\/","url":"https:\/\/www.casa.com.tr\/it\/ottenere-lofferta-2\/","name":"Ottenere l'offerta - Casa","isPartOf":{"@id":"https:\/\/www.casa.com.tr\/it\/#website"},"datePublished":"2022-08-22T12:10:30+00:00","dateModified":"2024-10-17T10:26:18+00:00","breadcrumb":{"@id":"https:\/\/www.casa.com.tr\/it\/ottenere-lofferta-2\/#breadcrumb"},"inLanguage":"it-IT","potentialAction":[{"@type":"ReadAction","target":["https:\/\/www.casa.com.tr\/it\/ottenere-lofferta-2\/"]}]},{"@type":"BreadcrumbList","@id":"https:\/\/www.casa.com.tr\/it\/ottenere-lofferta-2\/#breadcrumb","itemListElement":[{"@type":"ListItem","position":1,"name":"Anasayfa","item":"https:\/\/www.casa.com.tr\/it\/"},{"@type":"ListItem","position":2,"name":"Ottenere l&#8217;offerta"}]},{"@type":"WebSite","@id":"https:\/\/www.casa.com.tr\/it\/#website","url":"https:\/\/www.casa.com.tr\/it\/","name":"Casa","description":"Life Style","publisher":{"@id":"https:\/\/www.casa.com.tr\/it\/#organization"},"potentialAction":[{"@type":"SearchAction","target":{"@type":"EntryPoint","urlTemplate":"https:\/\/www.casa.com.tr\/it\/?s={search_term_string}"},"query-input":{"@type":"PropertyValueSpecification","valueRequired":true,"valueName":"search_term_string"}}],"inLanguage":"it-IT"},{"@type":["Organization","Place"],"@id":"https:\/\/www.casa.com.tr\/it\/#organization","name":"Casa","alternateName":"Life Style","url":"https:\/\/www.casa.com.tr\/it\/","logo":{"@id":"https:\/\/www.casa.com.tr\/it\/ottenere-lofferta-2\/#local-main-organization-logo"},"image":{"@id":"https:\/\/www.casa.com.tr\/it\/ottenere-lofferta-2\/#local-main-organization-logo"},"openingHoursSpecification":[{"@type":"OpeningHoursSpecification","dayOfWeek":["Monday","Tuesday","Wednesday","Thursday","Friday","Saturday","Sunday"],"opens":"09:00","closes":"17:00"}]},{"@type":"ImageObject","inLanguage":"it-IT","@id":"https:\/\/www.casa.com.tr\/it\/ottenere-lofferta-2\/#local-main-organization-logo","url":"https:\/\/www.casa.com.tr\/wp-content\/uploads\/2023\/09\/casa.jpg","contentUrl":"https:\/\/www.casa.com.tr\/wp-content\/uploads\/2023\/09\/casa.jpg","width":700,"height":700,"caption":"Casa"}]}},"_links":{"self":[{"href":"https:\/\/www.casa.com.tr\/it\/wp-json\/wp\/v2\/pages\/56696","targetHints":{"allow":["GET"]}}],"collection":[{"href":"https:\/\/www.casa.com.tr\/it\/wp-json\/wp\/v2\/pages"}],"about":[{"href":"https:\/\/www.casa.com.tr\/it\/wp-json\/wp\/v2\/types\/page"}],"author":[{"embeddable":true,"href":"https:\/\/www.casa.com.tr\/it\/wp-json\/wp\/v2\/users\/3"}],"replies":[{"embeddable":true,"href":"https:\/\/www.casa.com.tr\/it\/wp-json\/wp\/v2\/comments?post=56696"}],"version-history":[{"count":0,"href":"https:\/\/www.casa.com.tr\/it\/wp-json\/wp\/v2\/pages\/56696\/revisions"}],"wp:attachment":[{"href":"https:\/\/www.casa.com.tr\/it\/wp-json\/wp\/v2\/media?parent=56696"}],"curies":[{"name":"wp","href":"https:\/\/api.w.org\/{rel}","templated":true}]}}