{"id":56691,"date":"2022-01-10T12:40:51","date_gmt":"2022-01-10T09:40:51","guid":{"rendered":"https:\/\/www.casa.com.tr\/design\/"},"modified":"2024-10-21T14:18:55","modified_gmt":"2024-10-21T11:18:55","slug":"design","status":"publish","type":"page","link":"https:\/\/www.casa.com.tr\/it\/design\/","title":{"rendered":"DESIGN"},"content":{"rendered":"\t\t<div data-elementor-type=\"wp-page\" data-elementor-id=\"56691\" class=\"elementor elementor-56691 elementor-236\" data-elementor-post-type=\"page\">\n\t\t\t\t\t\t<section class=\"elementor-section elementor-top-section elementor-element elementor-element-4290e75 elementor-section-boxed elementor-section-height-default elementor-section-height-default\" data-id=\"4290e75\" data-element_type=\"section\">\n\t\t\t\t\t\t<div class=\"elementor-container elementor-column-gap-no\">\n\t\t\t\t\t<div class=\"elementor-column elementor-col-100 elementor-top-column elementor-element elementor-element-300ed0e6\" data-id=\"300ed0e6\" data-element_type=\"column\">\n\t\t\t<div class=\"elementor-widget-wrap elementor-element-populated\">\n\t\t\t\t\t\t<div class=\"elementor-element elementor-element-99566c4 elementor-widget elementor-widget-spacer\" data-id=\"99566c4\" data-element_type=\"widget\" data-widget_type=\"spacer.default\">\n\t\t\t\t<div class=\"elementor-widget-container\">\n\t\t\t\t\t\t\t<div class=\"elementor-spacer\">\n\t\t\t<div class=\"elementor-spacer-inner\"><\/div>\n\t\t<\/div>\n\t\t\t\t\t\t<\/div>\n\t\t\t\t<\/div>\n\t\t\t\t<div class=\"elementor-element elementor-element-1c25b750 elementor-widget elementor-widget-heading\" data-id=\"1c25b750\" data-element_type=\"widget\" data-widget_type=\"heading.default\">\n\t\t\t\t<div class=\"elementor-widget-container\">\n\t\t\t\t\t<h2 class=\"elementor-heading-title elementor-size-default\">CASA E LIPPARINI<\/h2>\t\t\t\t<\/div>\n\t\t\t\t<\/div>\n\t\t\t\t<div class=\"elementor-element elementor-element-2766754a elementor-widget elementor-widget-heading\" data-id=\"2766754a\" data-element_type=\"widget\" data-widget_type=\"heading.default\">\n\t\t\t\t<div class=\"elementor-widget-container\">\n\t\t\t\t\t<h2 class=\"elementor-heading-title elementor-size-default\">Unit\u00e0 coraggiosa e forte.<\/h2>\t\t\t\t<\/div>\n\t\t\t\t<\/div>\n\t\t\t\t<div class=\"elementor-element elementor-element-5ecec86f elementor-widget elementor-widget-heading\" data-id=\"5ecec86f\" data-element_type=\"widget\" data-widget_type=\"heading.default\">\n\t\t\t\t<div class=\"elementor-widget-container\">\n\t\t\t\t\t<h2 class=\"elementor-heading-title elementor-size-default\">La forte collaborazione tra Casa e Lipparini esemplifica un approccio progettuale in cui il senso di vivibilit\u00e0 dall'inizio alla fine e l'eleganza sono sempre uniti.<\/h2>\t\t\t\t<\/div>\n\t\t\t\t<\/div>\n\t\t\t\t<div class=\"elementor-element elementor-element-6eb24161 elementor-widget elementor-widget-spacer\" data-id=\"6eb24161\" data-element_type=\"widget\" data-widget_type=\"spacer.default\">\n\t\t\t\t<div class=\"elementor-widget-container\">\n\t\t\t\t\t\t\t<div class=\"elementor-spacer\">\n\t\t\t<div class=\"elementor-spacer-inner\"><\/div>\n\t\t<\/div>\n\t\t\t\t\t\t<\/div>\n\t\t\t\t<\/div>\n\t\t\t\t<div class=\"elementor-element elementor-element-78033138 elementor-widget elementor-widget-image\" data-id=\"78033138\" data-element_type=\"widget\" data-widget_type=\"image.default\">\n\t\t\t\t<div class=\"elementor-widget-container\">\n\t\t\t\t\t\t\t\t\t\t\t\t\t\t\t<img fetchpriority=\"high\" decoding=\"async\" width=\"2560\" height=\"1707\" src=\"https:\/\/www.casa.com.tr\/wp-content\/uploads\/2022\/01\/Designer_Mauro_Lipparini-scaled.jpg\" class=\"attachment-full size-full wp-image-56597\" alt=\"\" srcset=\"https:\/\/www.casa.com.tr\/wp-content\/uploads\/2022\/01\/Designer_Mauro_Lipparini-scaled.jpg 2560w, https:\/\/www.casa.com.tr\/wp-content\/uploads\/2022\/01\/Designer_Mauro_Lipparini-300x200.jpg 300w, https:\/\/www.casa.com.tr\/wp-content\/uploads\/2022\/01\/Designer_Mauro_Lipparini-1024x683.jpg 1024w, https:\/\/www.casa.com.tr\/wp-content\/uploads\/2022\/01\/Designer_Mauro_Lipparini-768x512.jpg 768w, https:\/\/www.casa.com.tr\/wp-content\/uploads\/2022\/01\/Designer_Mauro_Lipparini-1536x1024.jpg 1536w, https:\/\/www.casa.com.tr\/wp-content\/uploads\/2022\/01\/Designer_Mauro_Lipparini-2048x1366.jpg 2048w\" sizes=\"(max-width: 2560px) 100vw, 2560px\" \/>\t\t\t\t\t\t\t\t\t\t\t\t\t\t\t<\/div>\n\t\t\t\t<\/div>\n\t\t\t\t\t<\/div>\n\t\t<\/div>\n\t\t\t\t\t<\/div>\n\t\t<\/section>\n\t\t\t\t<section class=\"elementor-section elementor-top-section elementor-element elementor-element-80a2537 elementor-section-boxed elementor-section-height-default elementor-section-height-default\" data-id=\"80a2537\" data-element_type=\"section\">\n\t\t\t\t\t\t<div class=\"elementor-container elementor-column-gap-default\">\n\t\t\t\t\t<div class=\"elementor-column elementor-col-33 elementor-top-column elementor-element elementor-element-8e8542d\" data-id=\"8e8542d\" data-element_type=\"column\">\n\t\t\t<div class=\"elementor-widget-wrap\">\n\t\t\t\t\t\t\t<\/div>\n\t\t<\/div>\n\t\t\t\t<div class=\"elementor-column elementor-col-33 elementor-top-column elementor-element elementor-element-c5a2c30\" data-id=\"c5a2c30\" data-element_type=\"column\">\n\t\t\t<div class=\"elementor-widget-wrap elementor-element-populated\">\n\t\t\t\t\t\t<div class=\"elementor-element elementor-element-ac780ea elementor-widget elementor-widget-spacer\" data-id=\"ac780ea\" data-element_type=\"widget\" data-widget_type=\"spacer.default\">\n\t\t\t\t<div class=\"elementor-widget-container\">\n\t\t\t\t\t\t\t<div class=\"elementor-spacer\">\n\t\t\t<div class=\"elementor-spacer-inner\"><\/div>\n\t\t<\/div>\n\t\t\t\t\t\t<\/div>\n\t\t\t\t<\/div>\n\t\t\t\t<div class=\"elementor-element elementor-element-7fbe934 elementor-widget elementor-widget-heading\" data-id=\"7fbe934\" data-element_type=\"widget\" data-widget_type=\"heading.default\">\n\t\t\t\t<div class=\"elementor-widget-container\">\n\t\t\t\t\t<h2 class=\"elementor-heading-title elementor-size-default\">Casa e il famoso designer italiano Mauro Lipparini hanno unito le forze nel 2015 e hanno fatto un passo coraggioso e forte nel mercato internazionale dell'arredamento con il marchio \"Casa International\".<\/h2>\t\t\t\t<\/div>\n\t\t\t\t<\/div>\n\t\t\t\t\t<\/div>\n\t\t<\/div>\n\t\t\t\t<div class=\"elementor-column elementor-col-33 elementor-top-column elementor-element elementor-element-2f9e6a1\" data-id=\"2f9e6a1\" data-element_type=\"column\">\n\t\t\t<div class=\"elementor-widget-wrap\">\n\t\t\t\t\t\t\t<\/div>\n\t\t<\/div>\n\t\t\t\t\t<\/div>\n\t\t<\/section>\n\t\t\t\t<section class=\"elementor-section elementor-top-section elementor-element elementor-element-308a276 elementor-section-boxed elementor-section-height-default elementor-section-height-default\" data-id=\"308a276\" data-element_type=\"section\">\n\t\t\t\t\t\t<div class=\"elementor-container elementor-column-gap-default\">\n\t\t\t\t\t<div class=\"elementor-column elementor-col-50 elementor-top-column elementor-element elementor-element-9b41264\" data-id=\"9b41264\" data-element_type=\"column\">\n\t\t\t<div class=\"elementor-widget-wrap elementor-element-populated\">\n\t\t\t\t\t\t<div class=\"elementor-element elementor-element-5b86451 elementor-widget elementor-widget-spacer\" data-id=\"5b86451\" data-element_type=\"widget\" data-widget_type=\"spacer.default\">\n\t\t\t\t<div class=\"elementor-widget-container\">\n\t\t\t\t\t\t\t<div class=\"elementor-spacer\">\n\t\t\t<div class=\"elementor-spacer-inner\"><\/div>\n\t\t<\/div>\n\t\t\t\t\t\t<\/div>\n\t\t\t\t<\/div>\n\t\t\t\t<div class=\"elementor-element elementor-element-c7a4e56 elementor-widget elementor-widget-heading\" data-id=\"c7a4e56\" data-element_type=\"widget\" data-widget_type=\"heading.default\">\n\t\t\t\t<div class=\"elementor-widget-container\">\n\t\t\t\t\t<h2 class=\"elementor-heading-title elementor-size-default\">Mentre la collaborazione tra Casa e Lipparini si muove verso nuovi orizzonti, le collezioni sono completate da forme semplici e chiare e da linee decise, che sono le caratteristiche distintive del minimalismo italiano; mescolate con uno spirito gioioso, un gusto fluido e un senso di possibilit\u00e0. Utilizzando colori audaci, texture organiche e concetti visivi creativi, Mauro Lipparini espande la tavolozza del minimalismo classico, portando l'immediatezza e la potenza di un'estetica senza tempo in una nuova entusiasmante era.\nMauro Lipparini ha disegnato collezioni originali che portano la tradizione e la visione di successo di Casa nella dinamica di oggi.\n<\/h2>\t\t\t\t<\/div>\n\t\t\t\t<\/div>\n\t\t\t\t<div class=\"elementor-element elementor-element-f2d4099 elementor-widget elementor-widget-spacer\" data-id=\"f2d4099\" data-element_type=\"widget\" data-widget_type=\"spacer.default\">\n\t\t\t\t<div class=\"elementor-widget-container\">\n\t\t\t\t\t\t\t<div class=\"elementor-spacer\">\n\t\t\t<div class=\"elementor-spacer-inner\"><\/div>\n\t\t<\/div>\n\t\t\t\t\t\t<\/div>\n\t\t\t\t<\/div>\n\t\t\t\t\t<\/div>\n\t\t<\/div>\n\t\t\t\t<div class=\"elementor-column elementor-col-50 elementor-top-column elementor-element elementor-element-40168bd\" data-id=\"40168bd\" data-element_type=\"column\">\n\t\t\t<div class=\"elementor-widget-wrap elementor-element-populated\">\n\t\t\t\t\t\t<div class=\"elementor-element elementor-element-f848ac7 elementor-widget elementor-widget-spacer\" data-id=\"f848ac7\" data-element_type=\"widget\" data-widget_type=\"spacer.default\">\n\t\t\t\t<div class=\"elementor-widget-container\">\n\t\t\t\t\t\t\t<div class=\"elementor-spacer\">\n\t\t\t<div class=\"elementor-spacer-inner\"><\/div>\n\t\t<\/div>\n\t\t\t\t\t\t<\/div>\n\t\t\t\t<\/div>\n\t\t\t\t<div class=\"elementor-element elementor-element-1877058 elementor-widget elementor-widget-heading\" data-id=\"1877058\" data-element_type=\"widget\" data-widget_type=\"heading.default\">\n\t\t\t\t<div class=\"elementor-widget-container\">\n\t\t\t\t\t<h2 class=\"elementor-heading-title elementor-size-default\">Allover, Mare Nostrum, Italia...<\/h2>\t\t\t\t<\/div>\n\t\t\t\t<\/div>\n\t\t\t\t<div class=\"elementor-element elementor-element-61e7adc elementor-widget elementor-widget-text-editor\" data-id=\"61e7adc\" data-element_type=\"widget\" data-widget_type=\"text-editor.default\">\n\t\t\t\t<div class=\"elementor-widget-container\">\n\t\t\t\t\t\t\t\t\t<div>Allover, che riflette la sensibilit\u00e0 individuale della persona, Mare Nostrum, che offre un&#8217;identit\u00e0 attraente spingendosi oltre i confini delle sue esplorazioni, e Italia, che combina linee pure con dettagli ricchi. Collezioni uniche in cui potrete osservare l&#8217;armonia unica di Casa &amp; Mauro Lipparini. <strong><a href=\"https:\/\/www.casa.com.tr\/en\/life-style\/\">Scoprire.<\/a><\/strong> <\/div>\n\t\t\t\t\t\t\t\t<\/div>\n\t\t\t\t<\/div>\n\t\t\t\t<div class=\"elementor-element elementor-element-5eb7e65 elementor-widget elementor-widget-spacer\" data-id=\"5eb7e65\" data-element_type=\"widget\" data-widget_type=\"spacer.default\">\n\t\t\t\t<div class=\"elementor-widget-container\">\n\t\t\t\t\t\t\t<div class=\"elementor-spacer\">\n\t\t\t<div class=\"elementor-spacer-inner\"><\/div>\n\t\t<\/div>\n\t\t\t\t\t\t<\/div>\n\t\t\t\t<\/div>\n\t\t\t\t\t<\/div>\n\t\t<\/div>\n\t\t\t\t\t<\/div>\n\t\t<\/section>\n\t\t\t\t<section class=\"elementor-section elementor-top-section elementor-element elementor-element-14f7245 elementor-section-boxed elementor-section-height-default elementor-section-height-default\" data-id=\"14f7245\" data-element_type=\"section\">\n\t\t\t\t\t\t<div class=\"elementor-container elementor-column-gap-default\">\n\t\t\t\t\t<div class=\"elementor-column elementor-col-100 elementor-top-column elementor-element elementor-element-6de73eb\" data-id=\"6de73eb\" data-element_type=\"column\">\n\t\t\t<div class=\"elementor-widget-wrap elementor-element-populated\">\n\t\t\t\t\t\t<section class=\"elementor-section elementor-inner-section elementor-element elementor-element-b26db28 elementor-section-boxed elementor-section-height-default elementor-section-height-default\" data-id=\"b26db28\" data-element_type=\"section\">\n\t\t\t\t\t\t<div class=\"elementor-container elementor-column-gap-default\">\n\t\t\t\t\t<div class=\"elementor-column elementor-col-50 elementor-inner-column elementor-element elementor-element-7456372\" data-id=\"7456372\" data-element_type=\"column\">\n\t\t\t<div class=\"elementor-widget-wrap elementor-element-populated\">\n\t\t\t\t\t\t<div class=\"elementor-element elementor-element-48e0a64 elementor-widget elementor-widget-image\" data-id=\"48e0a64\" data-element_type=\"widget\" data-widget_type=\"image.default\">\n\t\t\t\t<div class=\"elementor-widget-container\">\n\t\t\t\t\t\t\t\t\t\t\t\t\t\t\t<img decoding=\"async\" width=\"683\" height=\"1024\" src=\"https:\/\/www.casa.com.tr\/wp-content\/uploads\/2022\/07\/lipparini-02-683x1024.jpg\" class=\"attachment-large size-large wp-image-19949\" alt=\"\" srcset=\"https:\/\/www.casa.com.tr\/wp-content\/uploads\/2022\/07\/lipparini-02-683x1024.jpg 683w, https:\/\/www.casa.com.tr\/wp-content\/uploads\/2022\/07\/lipparini-02-200x300.jpg 200w, https:\/\/www.casa.com.tr\/wp-content\/uploads\/2022\/07\/lipparini-02-768x1151.jpg 768w, https:\/\/www.casa.com.tr\/wp-content\/uploads\/2022\/07\/lipparini-02.jpg 832w\" sizes=\"(max-width: 683px) 100vw, 683px\" \/>\t\t\t\t\t\t\t\t\t\t\t\t\t\t\t<\/div>\n\t\t\t\t<\/div>\n\t\t\t\t\t<\/div>\n\t\t<\/div>\n\t\t\t\t<div class=\"elementor-column elementor-col-50 elementor-inner-column elementor-element elementor-element-ecad925\" data-id=\"ecad925\" data-element_type=\"column\">\n\t\t\t<div class=\"elementor-widget-wrap elementor-element-populated\">\n\t\t\t\t\t\t<div class=\"elementor-element elementor-element-5d55080 elementor-widget elementor-widget-heading\" data-id=\"5d55080\" data-element_type=\"widget\" data-widget_type=\"heading.default\">\n\t\t\t\t<div class=\"elementor-widget-container\">\n\t\t\t\t\t<h2 class=\"elementor-heading-title elementor-size-default\">Mauro Lipparini<\/h2>\t\t\t\t<\/div>\n\t\t\t\t<\/div>\n\t\t\t\t<div class=\"elementor-element elementor-element-820fb80 elementor-widget elementor-widget-spacer\" data-id=\"820fb80\" data-element_type=\"widget\" data-widget_type=\"spacer.default\">\n\t\t\t\t<div class=\"elementor-widget-container\">\n\t\t\t\t\t\t\t<div class=\"elementor-spacer\">\n\t\t\t<div class=\"elementor-spacer-inner\"><\/div>\n\t\t<\/div>\n\t\t\t\t\t\t<\/div>\n\t\t\t\t<\/div>\n\t\t\t\t<div class=\"elementor-element elementor-element-1f93993 elementor-widget elementor-widget-heading\" data-id=\"1f93993\" data-element_type=\"widget\" data-widget_type=\"heading.default\">\n\t\t\t\t<div class=\"elementor-widget-container\">\n\t\t\t\t\t<h2 class=\"elementor-heading-title elementor-size-default\">Nel 2011 Lipparini ha vinto il Good Design\u00ae Global Awards, la pi\u00f9 prestigiosa onorificenza al mondo nel campo del design, e ha ricevuto il primo premio nei concorsi internazionali di design Young &amp; Design Milano e International Du Pont Award Cologne. <\/h2>\t\t\t\t<\/div>\n\t\t\t\t<\/div>\n\t\t\t\t<div class=\"elementor-element elementor-element-d56263e elementor-widget elementor-widget-text-editor\" data-id=\"d56263e\" data-element_type=\"widget\" data-widget_type=\"text-editor.default\">\n\t\t\t\t<div class=\"elementor-widget-container\">\n\t\t\t\t\t\t\t\t\t<p>L&#8217;opera di Lipparini \u00e8 caratterizzata da linee chiare e forti in forme semplici, caratteristiche del minimalismo italiano, ed \u00e8 pervasa da un senso di gioiosa e vibrante possibilit\u00e0. Utilizzando liberamente colori audaci, texture organiche e concetti visivi creativi, Lipparini espande la tavolozza del minimalismo classico, portando l&#8217;immediatezza e la potenza dell&#8217;estetica rispettabile in una nuova entusiasmante era. <\/p>\n\t\t\t\t\t\t\t\t<\/div>\n\t\t\t\t<\/div>\n\t\t\t\t\t<\/div>\n\t\t<\/div>\n\t\t\t\t\t<\/div>\n\t\t<\/section>\n\t\t\t\t\t<\/div>\n\t\t<\/div>\n\t\t\t\t\t<\/div>\n\t\t<\/section>\n\t\t\t\t<\/div>\n\t\t","protected":false},"excerpt":{"rendered":"<p>CASA E LIPPARINI Unit\u00e0 coraggiosa e forte. La forte collaborazione tra Casa e Lipparini esemplifica un approccio progettuale in cui il senso di vivibilit\u00e0 dall&#8217;inizio alla fine e l&#8217;eleganza sono sempre uniti. Casa e il famoso designer italiano Mauro Lipparini hanno unito le forze nel 2015 e hanno fatto un passo coraggioso e forte nel [&hellip;]<\/p>\n","protected":false},"author":3,"featured_media":0,"parent":0,"menu_order":0,"comment_status":"closed","ping_status":"closed","template":"elementor_header_footer","meta":{"inline_featured_image":false,"footnotes":""},"class_list":["post-56691","page","type-page","status-publish","hentry"],"yoast_head":"<!-- This site is optimized with the Yoast SEO Premium plugin v21.2 (Yoast SEO v25.9) - https:\/\/yoast.com\/wordpress\/plugins\/seo\/ -->\n<title>DESIGN - Casa<\/title>\n<meta name=\"robots\" content=\"index, follow, max-snippet:-1, max-image-preview:large, max-video-preview:-1\" \/>\n<link rel=\"canonical\" href=\"https:\/\/www.casa.com.tr\/it\/design\/\" \/>\n<meta property=\"og:locale\" content=\"it_IT\" \/>\n<meta property=\"og:type\" content=\"article\" \/>\n<meta property=\"og:title\" content=\"DESIGN\" \/>\n<meta property=\"og:description\" content=\"CASA E LIPPARINI Unit\u00e0 coraggiosa e forte. La forte collaborazione tra Casa e Lipparini esemplifica un approccio progettuale in cui il senso di vivibilit\u00e0 dall&#8217;inizio alla fine e l&#8217;eleganza sono sempre uniti. Casa e il famoso designer italiano Mauro Lipparini hanno unito le forze nel 2015 e hanno fatto un passo coraggioso e forte nel [&hellip;]\" \/>\n<meta property=\"og:url\" content=\"https:\/\/www.casa.com.tr\/it\/design\/\" \/>\n<meta property=\"og:site_name\" content=\"Casa\" \/>\n<meta property=\"article:modified_time\" content=\"2024-10-21T11:18:55+00:00\" \/>\n<meta property=\"og:image\" content=\"https:\/\/www.casa.com.tr\/wp-content\/uploads\/2022\/01\/Designer_Mauro_Lipparini-scaled.jpg\" \/>\n\t<meta property=\"og:image:width\" content=\"2560\" \/>\n\t<meta property=\"og:image:height\" content=\"1707\" \/>\n\t<meta property=\"og:image:type\" content=\"image\/jpeg\" \/>\n<meta name=\"twitter:card\" content=\"summary_large_image\" \/>\n<meta name=\"twitter:label1\" content=\"Tempo di lettura stimato\" \/>\n\t<meta name=\"twitter:data1\" content=\"2 minuti\" \/>\n<script type=\"application\/ld+json\" class=\"yoast-schema-graph\">{\"@context\":\"https:\/\/schema.org\",\"@graph\":[{\"@type\":\"WebPage\",\"@id\":\"https:\/\/www.casa.com.tr\/it\/design\/\",\"url\":\"https:\/\/www.casa.com.tr\/it\/design\/\",\"name\":\"DESIGN - Casa\",\"isPartOf\":{\"@id\":\"https:\/\/www.casa.com.tr\/it\/#website\"},\"primaryImageOfPage\":{\"@id\":\"https:\/\/www.casa.com.tr\/it\/design\/#primaryimage\"},\"image\":{\"@id\":\"https:\/\/www.casa.com.tr\/it\/design\/#primaryimage\"},\"thumbnailUrl\":\"https:\/\/www.casa.com.tr\/wp-content\/uploads\/2022\/01\/Designer_Mauro_Lipparini-scaled.jpg\",\"datePublished\":\"2022-01-10T09:40:51+00:00\",\"dateModified\":\"2024-10-21T11:18:55+00:00\",\"breadcrumb\":{\"@id\":\"https:\/\/www.casa.com.tr\/it\/design\/#breadcrumb\"},\"inLanguage\":\"it-IT\",\"potentialAction\":[{\"@type\":\"ReadAction\",\"target\":[\"https:\/\/www.casa.com.tr\/it\/design\/\"]}]},{\"@type\":\"ImageObject\",\"inLanguage\":\"it-IT\",\"@id\":\"https:\/\/www.casa.com.tr\/it\/design\/#primaryimage\",\"url\":\"https:\/\/www.casa.com.tr\/wp-content\/uploads\/2022\/01\/Designer_Mauro_Lipparini-scaled.jpg\",\"contentUrl\":\"https:\/\/www.casa.com.tr\/wp-content\/uploads\/2022\/01\/Designer_Mauro_Lipparini-scaled.jpg\"},{\"@type\":\"BreadcrumbList\",\"@id\":\"https:\/\/www.casa.com.tr\/it\/design\/#breadcrumb\",\"itemListElement\":[{\"@type\":\"ListItem\",\"position\":1,\"name\":\"Anasayfa\",\"item\":\"https:\/\/www.casa.com.tr\/it\/\"},{\"@type\":\"ListItem\",\"position\":2,\"name\":\"DESIGN\"}]},{\"@type\":\"WebSite\",\"@id\":\"https:\/\/www.casa.com.tr\/it\/#website\",\"url\":\"https:\/\/www.casa.com.tr\/it\/\",\"name\":\"Casa\",\"description\":\"Life Style\",\"publisher\":{\"@id\":\"https:\/\/www.casa.com.tr\/it\/#organization\"},\"potentialAction\":[{\"@type\":\"SearchAction\",\"target\":{\"@type\":\"EntryPoint\",\"urlTemplate\":\"https:\/\/www.casa.com.tr\/it\/?s={search_term_string}\"},\"query-input\":{\"@type\":\"PropertyValueSpecification\",\"valueRequired\":true,\"valueName\":\"search_term_string\"}}],\"inLanguage\":\"it-IT\"},{\"@type\":[\"Organization\",\"Place\"],\"@id\":\"https:\/\/www.casa.com.tr\/it\/#organization\",\"name\":\"Casa\",\"alternateName\":\"Life Style\",\"url\":\"https:\/\/www.casa.com.tr\/it\/\",\"logo\":{\"@id\":\"https:\/\/www.casa.com.tr\/it\/design\/#local-main-organization-logo\"},\"image\":{\"@id\":\"https:\/\/www.casa.com.tr\/it\/design\/#local-main-organization-logo\"},\"openingHoursSpecification\":[{\"@type\":\"OpeningHoursSpecification\",\"dayOfWeek\":[\"Monday\",\"Tuesday\",\"Wednesday\",\"Thursday\",\"Friday\",\"Saturday\",\"Sunday\"],\"opens\":\"09:00\",\"closes\":\"17:00\"}]},{\"@type\":\"ImageObject\",\"inLanguage\":\"it-IT\",\"@id\":\"https:\/\/www.casa.com.tr\/it\/design\/#local-main-organization-logo\",\"url\":\"https:\/\/www.casa.com.tr\/wp-content\/uploads\/2023\/09\/casa.jpg\",\"contentUrl\":\"https:\/\/www.casa.com.tr\/wp-content\/uploads\/2023\/09\/casa.jpg\",\"width\":700,\"height\":700,\"caption\":\"Casa\"}]}<\/script>\n<!-- \/ Yoast SEO Premium plugin. -->","yoast_head_json":{"title":"DESIGN - Casa","robots":{"index":"index","follow":"follow","max-snippet":"max-snippet:-1","max-image-preview":"max-image-preview:large","max-video-preview":"max-video-preview:-1"},"canonical":"https:\/\/www.casa.com.tr\/it\/design\/","og_locale":"it_IT","og_type":"article","og_title":"DESIGN","og_description":"CASA E LIPPARINI Unit\u00e0 coraggiosa e forte. La forte collaborazione tra Casa e Lipparini esemplifica un approccio progettuale in cui il senso di vivibilit\u00e0 dall&#8217;inizio alla fine e l&#8217;eleganza sono sempre uniti. Casa e il famoso designer italiano Mauro Lipparini hanno unito le forze nel 2015 e hanno fatto un passo coraggioso e forte nel [&hellip;]","og_url":"https:\/\/www.casa.com.tr\/it\/design\/","og_site_name":"Casa","article_modified_time":"2024-10-21T11:18:55+00:00","og_image":[{"width":2560,"height":1707,"url":"https:\/\/www.casa.com.tr\/wp-content\/uploads\/2022\/01\/Designer_Mauro_Lipparini-scaled.jpg","type":"image\/jpeg"}],"twitter_card":"summary_large_image","twitter_misc":{"Tempo di lettura stimato":"2 minuti"},"schema":{"@context":"https:\/\/schema.org","@graph":[{"@type":"WebPage","@id":"https:\/\/www.casa.com.tr\/it\/design\/","url":"https:\/\/www.casa.com.tr\/it\/design\/","name":"DESIGN - Casa","isPartOf":{"@id":"https:\/\/www.casa.com.tr\/it\/#website"},"primaryImageOfPage":{"@id":"https:\/\/www.casa.com.tr\/it\/design\/#primaryimage"},"image":{"@id":"https:\/\/www.casa.com.tr\/it\/design\/#primaryimage"},"thumbnailUrl":"https:\/\/www.casa.com.tr\/wp-content\/uploads\/2022\/01\/Designer_Mauro_Lipparini-scaled.jpg","datePublished":"2022-01-10T09:40:51+00:00","dateModified":"2024-10-21T11:18:55+00:00","breadcrumb":{"@id":"https:\/\/www.casa.com.tr\/it\/design\/#breadcrumb"},"inLanguage":"it-IT","potentialAction":[{"@type":"ReadAction","target":["https:\/\/www.casa.com.tr\/it\/design\/"]}]},{"@type":"ImageObject","inLanguage":"it-IT","@id":"https:\/\/www.casa.com.tr\/it\/design\/#primaryimage","url":"https:\/\/www.casa.com.tr\/wp-content\/uploads\/2022\/01\/Designer_Mauro_Lipparini-scaled.jpg","contentUrl":"https:\/\/www.casa.com.tr\/wp-content\/uploads\/2022\/01\/Designer_Mauro_Lipparini-scaled.jpg"},{"@type":"BreadcrumbList","@id":"https:\/\/www.casa.com.tr\/it\/design\/#breadcrumb","itemListElement":[{"@type":"ListItem","position":1,"name":"Anasayfa","item":"https:\/\/www.casa.com.tr\/it\/"},{"@type":"ListItem","position":2,"name":"DESIGN"}]},{"@type":"WebSite","@id":"https:\/\/www.casa.com.tr\/it\/#website","url":"https:\/\/www.casa.com.tr\/it\/","name":"Casa","description":"Life Style","publisher":{"@id":"https:\/\/www.casa.com.tr\/it\/#organization"},"potentialAction":[{"@type":"SearchAction","target":{"@type":"EntryPoint","urlTemplate":"https:\/\/www.casa.com.tr\/it\/?s={search_term_string}"},"query-input":{"@type":"PropertyValueSpecification","valueRequired":true,"valueName":"search_term_string"}}],"inLanguage":"it-IT"},{"@type":["Organization","Place"],"@id":"https:\/\/www.casa.com.tr\/it\/#organization","name":"Casa","alternateName":"Life Style","url":"https:\/\/www.casa.com.tr\/it\/","logo":{"@id":"https:\/\/www.casa.com.tr\/it\/design\/#local-main-organization-logo"},"image":{"@id":"https:\/\/www.casa.com.tr\/it\/design\/#local-main-organization-logo"},"openingHoursSpecification":[{"@type":"OpeningHoursSpecification","dayOfWeek":["Monday","Tuesday","Wednesday","Thursday","Friday","Saturday","Sunday"],"opens":"09:00","closes":"17:00"}]},{"@type":"ImageObject","inLanguage":"it-IT","@id":"https:\/\/www.casa.com.tr\/it\/design\/#local-main-organization-logo","url":"https:\/\/www.casa.com.tr\/wp-content\/uploads\/2023\/09\/casa.jpg","contentUrl":"https:\/\/www.casa.com.tr\/wp-content\/uploads\/2023\/09\/casa.jpg","width":700,"height":700,"caption":"Casa"}]}},"_links":{"self":[{"href":"https:\/\/www.casa.com.tr\/it\/wp-json\/wp\/v2\/pages\/56691","targetHints":{"allow":["GET"]}}],"collection":[{"href":"https:\/\/www.casa.com.tr\/it\/wp-json\/wp\/v2\/pages"}],"about":[{"href":"https:\/\/www.casa.com.tr\/it\/wp-json\/wp\/v2\/types\/page"}],"author":[{"embeddable":true,"href":"https:\/\/www.casa.com.tr\/it\/wp-json\/wp\/v2\/users\/3"}],"replies":[{"embeddable":true,"href":"https:\/\/www.casa.com.tr\/it\/wp-json\/wp\/v2\/comments?post=56691"}],"version-history":[{"count":0,"href":"https:\/\/www.casa.com.tr\/it\/wp-json\/wp\/v2\/pages\/56691\/revisions"}],"wp:attachment":[{"href":"https:\/\/www.casa.com.tr\/it\/wp-json\/wp\/v2\/media?parent=56691"}],"curies":[{"name":"wp","href":"https:\/\/api.w.org\/{rel}","templated":true}]}}